{"id":8878,"date":"2022-08-15T23:41:06","date_gmt":"2022-08-15T20:41:06","guid":{"rendered":"https:\/\/energiata.com\/?page_id=8878"},"modified":"2022-08-18T01:03:04","modified_gmt":"2022-08-17T22:03:04","slug":"dezlegarea-nodurilor-karmice","status":"publish","type":"page","link":"https:\/\/energiata.com\/en\/cabinetul-meu\/cursuri\/dezlegarea-nodurilor-karmice\/","title":{"rendered":"Dezlegarea Nodurilor Karmice"},"content":{"rendered":"<p>Info caiet de sarcini Dup\u0103 achizitionarea produsulului ve\u021bi putea accesa Caietul de Sarcini navig\u00e2nd \u00een pagina Contul meu, sec\u021biunea Desc\u0103rc\u0103ri. \u00d7<\/p>\n \t\t<div class=\"woocommerce\">\n\t\t\t<div class=\"woocommerce-info wc-memberships-restriction-message wc-memberships-message wc-memberships-content-restricted-message\">\n\t\t\t\tPentru a accesa cursul achizi\u021biona\u021bi urm\u0103torul produs: <span class=\"wc-memberships-products-grant-access\"><a href=\"https:\/\/energiata.com\/shop\/dezlegarea-nodurilor-karmice-curs-practic\/\">\"Dezlegarea Nodurilor Karmice\" - Curs Practic<\/a><\/span>\t\t    <\/div>\n\t\t<\/div>\n\t\t","protected":false},"excerpt":{"rendered":"<p>Info caiet de sarcini Dup\u0103 achizitionarea produsulului ve\u021bi putea accesa Caietul de Sarcini navig\u00e2nd \u00een pagina Contul meu, sec\u021biunea Desc\u0103rc\u0103ri. \u00d7<\/p>\n<div class=\"woocommerce\">\n<div class=\"woocommerce-info wc-memberships-restriction-message wc-memberships-message wc-memberships-content-restricted-message\">\n\t\t\t\tPentru a accesa cursul achizi\u021biona\u021bi urm\u0103torul produs: <span class=\"wc-memberships-products-grant-access\"><a href=\"https:\/\/energiata.com\/shop\/dezlegarea-nodurilor-karmice-curs-practic\/\">&#8220;Dezlegarea Nodurilor Karmice&#8221; &#8211; Curs Practic<\/a><\/span>\t\t    <\/div>\n<\/p><\/div>\n","protected":false},"author":2,"featured_media":8802,"parent":1034,"menu_order":0,"comment_status":"closed","ping_status":"closed","template":"","meta":{"_acf_changed":false,"_price":"","_stock":"","_tribe_ticket_header":"","_tribe_default_ticket_provider":"","_tribe_ticket_capacity":"0","_ticket_start_date":"","_ticket_end_date":"","_tribe_ticket_show_description":"","_tribe_ticket_show_not_going":false,"_tribe_ticket_use_global_stock":"","_tribe_ticket_global_stock_level":"","_global_stock_mode":"","_global_stock_cap":"","_tribe_rsvp_for_event":"","_tribe_ticket_going_count":"","_tribe_ticket_not_going_count":"","_tribe_tickets_list":"[]","_tribe_ticket_has_attendee_info_fields":false,"footnotes":"","_tec_slr_enabled":"","_tec_slr_layout":""},"class_list":["post-8878","page","type-page","status-publish","has-post-thumbnail","hentry","membership-content","access-restricted","entry","has-media","owp-thumbs-layout-horizontal","owp-btn-normal","owp-tabs-layout-horizontal","has-no-thumbnails"],"acf":[],"yoast_head":"<!-- This site is optimized with the Yoast SEO Premium plugin v24.8 (Yoast SEO v24.8.1) - https:\/\/yoast.com\/wordpress\/plugins\/seo\/ -->\n<title>Dezlegarea Nodurilor Karmice - EnergiaTa<\/title>\n<meta name=\"description\" content=\"Tehnologii Energo-Informationale \u2022 Energia Banilor \u2022 Sanatatea Ta Energetica \u2022 Cosmoenergetica \u2022 Zoroastrism\" \/>\n<meta name=\"robots\" content=\"index, follow, max-snippet:-1, max-image-preview:large, max-video-preview:-1\" \/>\n<link rel=\"canonical\" href=\"https:\/\/energiata.com\/cabinetul-meu\/cursuri\/dezlegarea-nodurilor-karmice\/\" \/>\n<meta property=\"og:locale\" content=\"en_US\" \/>\n<meta property=\"og:type\" content=\"article\" \/>\n<meta property=\"og:title\" content=\"Dezlegarea Nodurilor Karmice\" \/>\n<meta property=\"og:description\" content=\"Tehnologii Energo-Informationale \u2022 Energia Banilor \u2022 Sanatatea Ta Energetica \u2022 Cosmoenergetica \u2022 Zoroastrism\" \/>\n<meta property=\"og:url\" content=\"https:\/\/energiata.com\/cabinetul-meu\/cursuri\/dezlegarea-nodurilor-karmice\/\" \/>\n<meta property=\"og:site_name\" content=\"EnergiaTa\" \/>\n<meta property=\"article:publisher\" content=\"https:\/\/www.facebook.com\/energiata\" \/>\n<meta property=\"article:modified_time\" content=\"2022-08-17T22:03:04+00:00\" \/>\n<meta property=\"og:image\" content=\"https:\/\/energiata.com\/wp-content\/uploads\/2022\/06\/Product-Image-Blestemul-nodurilor-karmice.jpg\" \/>\n\t<meta property=\"og:image:width\" content=\"420\" \/>\n\t<meta property=\"og:image:height\" content=\"264\" \/>\n\t<meta property=\"og:image:type\" content=\"image\/jpeg\" \/>\n<meta name=\"twitter:card\" content=\"summary_large_image\" \/>\n<meta name=\"twitter:label1\" content=\"Est. reading time\" \/>\n\t<meta name=\"twitter:data1\" content=\"5 minutes\" \/>\n<script type=\"application\/ld+json\" class=\"yoast-schema-graph\">{\"@context\":\"https:\/\/schema.org\",\"@graph\":[{\"@type\":\"WebPage\",\"@id\":\"https:\/\/energiata.com\/cabinetul-meu\/cursuri\/dezlegarea-nodurilor-karmice\/\",\"url\":\"https:\/\/energiata.com\/cabinetul-meu\/cursuri\/dezlegarea-nodurilor-karmice\/\",\"name\":\"Dezlegarea Nodurilor Karmice - EnergiaTa\",\"isPartOf\":{\"@id\":\"https:\/\/energiata.com\/#website\"},\"primaryImageOfPage\":{\"@id\":\"https:\/\/energiata.com\/cabinetul-meu\/cursuri\/dezlegarea-nodurilor-karmice\/#primaryimage\"},\"image\":{\"@id\":\"https:\/\/energiata.com\/cabinetul-meu\/cursuri\/dezlegarea-nodurilor-karmice\/#primaryimage\"},\"thumbnailUrl\":\"https:\/\/energiata.com\/wp-content\/uploads\/2022\/06\/Product-Image-Blestemul-nodurilor-karmice.jpg\",\"datePublished\":\"2022-08-15T20:41:06+00:00\",\"dateModified\":\"2022-08-17T22:03:04+00:00\",\"description\":\"Tehnologii Energo-Informationale \u2022 Energia Banilor \u2022 Sanatatea Ta Energetica \u2022 Cosmoenergetica \u2022 Zoroastrism\",\"breadcrumb\":{\"@id\":\"https:\/\/energiata.com\/cabinetul-meu\/cursuri\/dezlegarea-nodurilor-karmice\/#breadcrumb\"},\"inLanguage\":\"en-US\",\"potentialAction\":[{\"@type\":\"ReadAction\",\"target\":[\"https:\/\/energiata.com\/cabinetul-meu\/cursuri\/dezlegarea-nodurilor-karmice\/\"]}]},{\"@type\":\"ImageObject\",\"inLanguage\":\"en-US\",\"@id\":\"https:\/\/energiata.com\/cabinetul-meu\/cursuri\/dezlegarea-nodurilor-karmice\/#primaryimage\",\"url\":\"https:\/\/energiata.com\/wp-content\/uploads\/2022\/06\/Product-Image-Blestemul-nodurilor-karmice.jpg\",\"contentUrl\":\"https:\/\/energiata.com\/wp-content\/uploads\/2022\/06\/Product-Image-Blestemul-nodurilor-karmice.jpg\",\"width\":420,\"height\":264},{\"@type\":\"BreadcrumbList\",\"@id\":\"https:\/\/energiata.com\/cabinetul-meu\/cursuri\/dezlegarea-nodurilor-karmice\/#breadcrumb\",\"itemListElement\":[{\"@type\":\"ListItem\",\"position\":1,\"name\":\"Acas\u0103\",\"item\":\"https:\/\/energiata.com\/\"},{\"@type\":\"ListItem\",\"position\":2,\"name\":\"Cabinetul meu\",\"item\":\"https:\/\/energiata.com\/cabinetul-meu\/\"},{\"@type\":\"ListItem\",\"position\":3,\"name\":\"Cursuri\",\"item\":\"https:\/\/energiata.com\/cabinetul-meu\/cursuri\/\"},{\"@type\":\"ListItem\",\"position\":4,\"name\":\"Dezlegarea Nodurilor Karmice\"}]},{\"@type\":\"WebSite\",\"@id\":\"https:\/\/energiata.com\/#website\",\"url\":\"https:\/\/energiata.com\/\",\"name\":\"EnergiaTa\",\"description\":\"Fluxuri energo-informa\u021bionale\",\"publisher\":{\"@id\":\"https:\/\/energiata.com\/#organization\"},\"potentialAction\":[{\"@type\":\"SearchAction\",\"target\":{\"@type\":\"EntryPoint\",\"urlTemplate\":\"https:\/\/energiata.com\/?s={search_term_string}\"},\"query-input\":{\"@type\":\"PropertyValueSpecification\",\"valueRequired\":true,\"valueName\":\"search_term_string\"}}],\"inLanguage\":\"en-US\"},{\"@type\":\"Organization\",\"@id\":\"https:\/\/energiata.com\/#organization\",\"name\":\"Energia Ta Development\",\"url\":\"https:\/\/energiata.com\/\",\"logo\":{\"@type\":\"ImageObject\",\"inLanguage\":\"en-US\",\"@id\":\"https:\/\/energiata.com\/#\/schema\/logo\/image\/\",\"url\":\"https:\/\/energiata.com\/wp-content\/uploads\/2021\/11\/Logo-EnergiaTa-600x395px.png\",\"contentUrl\":\"https:\/\/energiata.com\/wp-content\/uploads\/2021\/11\/Logo-EnergiaTa-600x395px.png\",\"width\":600,\"height\":396,\"caption\":\"Energia Ta Development\"},\"image\":{\"@id\":\"https:\/\/energiata.com\/#\/schema\/logo\/image\/\"},\"sameAs\":[\"https:\/\/www.facebook.com\/energiata\"]}]}<\/script>\n<!-- \/ Yoast SEO Premium plugin. -->","yoast_head_json":{"title":"Dezlegarea Nodurilor Karmice - EnergiaTa","description":"Tehnologii Energo-Informationale \u2022 Energia Banilor \u2022 Sanatatea Ta Energetica \u2022 Cosmoenergetica \u2022 Zoroastrism","robots":{"index":"index","follow":"follow","max-snippet":"max-snippet:-1","max-image-preview":"max-image-preview:large","max-video-preview":"max-video-preview:-1"},"canonical":"https:\/\/energiata.com\/cabinetul-meu\/cursuri\/dezlegarea-nodurilor-karmice\/","og_locale":"en_US","og_type":"article","og_title":"Dezlegarea Nodurilor Karmice","og_description":"Tehnologii Energo-Informationale \u2022 Energia Banilor \u2022 Sanatatea Ta Energetica \u2022 Cosmoenergetica \u2022 Zoroastrism","og_url":"https:\/\/energiata.com\/cabinetul-meu\/cursuri\/dezlegarea-nodurilor-karmice\/","og_site_name":"EnergiaTa","article_publisher":"https:\/\/www.facebook.com\/energiata","article_modified_time":"2022-08-17T22:03:04+00:00","og_image":[{"width":420,"height":264,"url":"https:\/\/energiata.com\/wp-content\/uploads\/2022\/06\/Product-Image-Blestemul-nodurilor-karmice.jpg","type":"image\/jpeg"}],"twitter_card":"summary_large_image","twitter_misc":{"Est. reading time":"5 minutes"},"schema":{"@context":"https:\/\/schema.org","@graph":[{"@type":"WebPage","@id":"https:\/\/energiata.com\/cabinetul-meu\/cursuri\/dezlegarea-nodurilor-karmice\/","url":"https:\/\/energiata.com\/cabinetul-meu\/cursuri\/dezlegarea-nodurilor-karmice\/","name":"Dezlegarea Nodurilor Karmice - EnergiaTa","isPartOf":{"@id":"https:\/\/energiata.com\/#website"},"primaryImageOfPage":{"@id":"https:\/\/energiata.com\/cabinetul-meu\/cursuri\/dezlegarea-nodurilor-karmice\/#primaryimage"},"image":{"@id":"https:\/\/energiata.com\/cabinetul-meu\/cursuri\/dezlegarea-nodurilor-karmice\/#primaryimage"},"thumbnailUrl":"https:\/\/energiata.com\/wp-content\/uploads\/2022\/06\/Product-Image-Blestemul-nodurilor-karmice.jpg","datePublished":"2022-08-15T20:41:06+00:00","dateModified":"2022-08-17T22:03:04+00:00","description":"Tehnologii Energo-Informationale \u2022 Energia Banilor \u2022 Sanatatea Ta Energetica \u2022 Cosmoenergetica \u2022 Zoroastrism","breadcrumb":{"@id":"https:\/\/energiata.com\/cabinetul-meu\/cursuri\/dezlegarea-nodurilor-karmice\/#breadcrumb"},"inLanguage":"en-US","potentialAction":[{"@type":"ReadAction","target":["https:\/\/energiata.com\/cabinetul-meu\/cursuri\/dezlegarea-nodurilor-karmice\/"]}]},{"@type":"ImageObject","inLanguage":"en-US","@id":"https:\/\/energiata.com\/cabinetul-meu\/cursuri\/dezlegarea-nodurilor-karmice\/#primaryimage","url":"https:\/\/energiata.com\/wp-content\/uploads\/2022\/06\/Product-Image-Blestemul-nodurilor-karmice.jpg","contentUrl":"https:\/\/energiata.com\/wp-content\/uploads\/2022\/06\/Product-Image-Blestemul-nodurilor-karmice.jpg","width":420,"height":264},{"@type":"BreadcrumbList","@id":"https:\/\/energiata.com\/cabinetul-meu\/cursuri\/dezlegarea-nodurilor-karmice\/#breadcrumb","itemListElement":[{"@type":"ListItem","position":1,"name":"Acas\u0103","item":"https:\/\/energiata.com\/"},{"@type":"ListItem","position":2,"name":"Cabinetul meu","item":"https:\/\/energiata.com\/cabinetul-meu\/"},{"@type":"ListItem","position":3,"name":"Cursuri","item":"https:\/\/energiata.com\/cabinetul-meu\/cursuri\/"},{"@type":"ListItem","position":4,"name":"Dezlegarea Nodurilor Karmice"}]},{"@type":"WebSite","@id":"https:\/\/energiata.com\/#website","url":"https:\/\/energiata.com\/","name":"EnergiaTa","description":"Fluxuri energo-informa\u021bionale","publisher":{"@id":"https:\/\/energiata.com\/#organization"},"potentialAction":[{"@type":"SearchAction","target":{"@type":"EntryPoint","urlTemplate":"https:\/\/energiata.com\/?s={search_term_string}"},"query-input":{"@type":"PropertyValueSpecification","valueRequired":true,"valueName":"search_term_string"}}],"inLanguage":"en-US"},{"@type":"Organization","@id":"https:\/\/energiata.com\/#organization","name":"Energia Ta Development","url":"https:\/\/energiata.com\/","logo":{"@type":"ImageObject","inLanguage":"en-US","@id":"https:\/\/energiata.com\/#\/schema\/logo\/image\/","url":"https:\/\/energiata.com\/wp-content\/uploads\/2021\/11\/Logo-EnergiaTa-600x395px.png","contentUrl":"https:\/\/energiata.com\/wp-content\/uploads\/2021\/11\/Logo-EnergiaTa-600x395px.png","width":600,"height":396,"caption":"Energia Ta Development"},"image":{"@id":"https:\/\/energiata.com\/#\/schema\/logo\/image\/"},"sameAs":["https:\/\/www.facebook.com\/energiata"]}]}},"ticketed":false,"_links":{"self":[{"href":"https:\/\/energiata.com\/en\/wp-json\/wp\/v2\/pages\/8878","targetHints":{"allow":["GET"]}}],"collection":[{"href":"https:\/\/energiata.com\/en\/wp-json\/wp\/v2\/pages"}],"about":[{"href":"https:\/\/energiata.com\/en\/wp-json\/wp\/v2\/types\/page"}],"author":[{"embeddable":true,"href":"https:\/\/energiata.com\/en\/wp-json\/wp\/v2\/users\/2"}],"replies":[{"embeddable":true,"href":"https:\/\/energiata.com\/en\/wp-json\/wp\/v2\/comments?post=8878"}],"version-history":[{"count":0,"href":"https:\/\/energiata.com\/en\/wp-json\/wp\/v2\/pages\/8878\/revisions"}],"up":[{"embeddable":true,"href":"https:\/\/energiata.com\/en\/wp-json\/wp\/v2\/pages\/1034"}],"wp:featuredmedia":[{"embeddable":true,"href":"https:\/\/energiata.com\/en\/wp-json\/wp\/v2\/media\/8802"}],"wp:attachment":[{"href":"https:\/\/energiata.com\/en\/wp-json\/wp\/v2\/media?parent=8878"}],"curies":[{"name":"wp","href":"https:\/\/api.w.org\/{rel}","templated":true}]}}