{"id":981,"date":"2021-10-07T21:26:06","date_gmt":"2021-10-07T18:26:06","guid":{"rendered":"https:\/\/energiata.com\/cart\/"},"modified":"2022-06-07T01:09:21","modified_gmt":"2022-06-06T22:09:21","slug":"cart","status":"publish","type":"page","link":"https:\/\/energiata.com\/en\/cart\/","title":{"rendered":"Cart"},"content":{"rendered":"\t\t<div data-elementor-type=\"wp-page\" data-elementor-id=\"981\" class=\"elementor elementor-981\" data-elementor-post-type=\"page\">\n\t\t\t\t\t\t<section class=\"elementor-section elementor-top-section elementor-element elementor-element-3a10cbb2 elementor-section-boxed elementor-section-height-default elementor-section-height-default\" data-id=\"3a10cbb2\" data-element_type=\"section\">\n\t\t\t\t\t\t<div class=\"elementor-container elementor-column-gap-default\">\n\t\t\t\t\t<div class=\"elementor-column elementor-col-100 elementor-top-column elementor-element elementor-element-37a1c42\" data-id=\"37a1c42\" data-element_type=\"column\">\n\t\t\t<div class=\"elementor-widget-wrap elementor-element-populated\">\n\t\t\t\t\t\t<div class=\"elementor-element elementor-element-1ca4614 elementor-widget elementor-widget-heading\" data-id=\"1ca4614\" data-element_type=\"widget\" data-widget_type=\"heading.default\">\n\t\t\t\t<div class=\"elementor-widget-container\">\n\t\t\t\t\t<h2 class=\"elementor-heading-title elementor-size-default\">Co\u0219ul t\u0103u<\/h2>\t\t\t\t<\/div>\n\t\t\t\t<\/div>\n\t\t\t\t<div class=\"elementor-element elementor-element-c0ec0cd e-cart-layout-one-column elementor-widget elementor-widget-woocommerce-cart\" data-id=\"c0ec0cd\" data-element_type=\"widget\" data-widget_type=\"woocommerce-cart.default\">\n\t\t\t\t<div class=\"elementor-widget-container\">\n\t\t\t\t\t<div class=\"woocommerce\"><div class=\"woocommerce-notices-wrapper\"><\/div><div class=\"wc-empty-cart-message\">\n\t<div class=\"cart-empty woocommerce-info\">\n\t\tYour cart is currently empty.\t<\/div>\n<\/div>\t<p class=\"return-to-shop\">\n\t\t<a class=\"button wc-backward\" href=\"https:\/\/energiata.com\/en\/shop\/\">\n\t\t\tReturn to shop\t\t<\/a>\n\t<\/p>\n<\/div>\t\t\t\t<\/div>\n\t\t\t\t<\/div>\n\t\t\t\t\t<\/div>\n\t\t<\/div>\n\t\t\t\t\t<\/div>\n\t\t<\/section>\n\t\t\t\t<\/div>\n\t\t","protected":false},"excerpt":{"rendered":"<p>Co\u0219ul t\u0103u &nbsp; &nbsp; Product Price Quantity Subtotal &times; &#8220;Cosmoenergetica &#8211; S\u0103n\u0103tatea ta energetic\u0103&#8221; &#8211; Curs Online 490,00lei for 6 months &quot;Cosmoenergetica &#8211; S\u0103n\u0103tatea ta energetic\u0103&quot; &#8211; Curs Online quantity [&hellip;]<\/p>\n","protected":false},"author":2,"featured_media":0,"parent":0,"menu_order":0,"comment_status":"closed","ping_status":"closed","template":"","meta":{"_acf_changed":false,"_price":"","_stock":"","_tribe_ticket_header":"","_tribe_default_ticket_provider":"","_tribe_ticket_capacity":"0","_ticket_start_date":"","_ticket_end_date":"","_tribe_ticket_show_description":"","_tribe_ticket_show_not_going":false,"_tribe_ticket_use_global_stock":"","_tribe_ticket_global_stock_level":"","_global_stock_mode":"","_global_stock_cap":"","_tribe_rsvp_for_event":"","_tribe_ticket_going_count":"","_tribe_ticket_not_going_count":"","_tribe_tickets_list":"[]","_tribe_ticket_has_attendee_info_fields":false,"footnotes":"","_tec_slr_enabled":"","_tec_slr_layout":""},"class_list":["post-981","page","type-page","status-publish","hentry","entry","owp-thumbs-layout-horizontal","owp-btn-normal","owp-tabs-layout-horizontal","has-no-thumbnails"],"acf":[],"yoast_head":"<!-- This site is optimized with the Yoast SEO Premium plugin v24.8 (Yoast SEO v24.8.1) - https:\/\/yoast.com\/wordpress\/plugins\/seo\/ -->\n<title>Cart - EnergiaTa<\/title>\n<meta name=\"description\" content=\"Tehnologii Energo-Informationale \u2022 Energia Banilor \u2022 Sanatatea Ta Energetica \u2022 Cosmoenergetica \u2022 Zoroastrism\" \/>\n<meta name=\"robots\" content=\"index, follow, max-snippet:-1, max-image-preview:large, max-video-preview:-1\" \/>\n<link rel=\"canonical\" href=\"https:\/\/energiata.com\/cart\/\" \/>\n<meta property=\"og:locale\" content=\"en_US\" \/>\n<meta property=\"og:type\" content=\"article\" \/>\n<meta property=\"og:title\" content=\"Cart\" \/>\n<meta property=\"og:description\" content=\"Tehnologii Energo-Informationale \u2022 Energia Banilor \u2022 Sanatatea Ta Energetica \u2022 Cosmoenergetica \u2022 Zoroastrism\" \/>\n<meta property=\"og:url\" content=\"https:\/\/energiata.com\/cart\/\" \/>\n<meta property=\"og:site_name\" content=\"EnergiaTa\" \/>\n<meta property=\"article:publisher\" content=\"https:\/\/www.facebook.com\/energiata\" \/>\n<meta property=\"article:modified_time\" content=\"2022-06-06T22:09:21+00:00\" \/>\n<meta property=\"og:image\" content=\"https:\/\/energiata.com\/wp-content\/uploads\/2021\/11\/Cosmoenergetica-Shop-Product-Image-300x264.jpg\" \/>\n<meta name=\"twitter:card\" content=\"summary_large_image\" \/>\n<meta name=\"twitter:label1\" content=\"Est. reading time\" \/>\n\t<meta name=\"twitter:data1\" content=\"4 minutes\" \/>\n<script type=\"application\/ld+json\" class=\"yoast-schema-graph\">{\"@context\":\"https:\/\/schema.org\",\"@graph\":[{\"@type\":\"WebPage\",\"@id\":\"https:\/\/energiata.com\/cart\/\",\"url\":\"https:\/\/energiata.com\/cart\/\",\"name\":\"Cart - EnergiaTa\",\"isPartOf\":{\"@id\":\"https:\/\/energiata.com\/#website\"},\"primaryImageOfPage\":{\"@id\":\"https:\/\/energiata.com\/cart\/#primaryimage\"},\"image\":{\"@id\":\"https:\/\/energiata.com\/cart\/#primaryimage\"},\"thumbnailUrl\":\"https:\/\/energiata.com\/wp-content\/uploads\/2021\/11\/Cosmoenergetica-Shop-Product-Image-300x264.jpg\",\"datePublished\":\"2021-10-07T18:26:06+00:00\",\"dateModified\":\"2022-06-06T22:09:21+00:00\",\"description\":\"Tehnologii Energo-Informationale \u2022 Energia Banilor \u2022 Sanatatea Ta Energetica \u2022 Cosmoenergetica \u2022 Zoroastrism\",\"breadcrumb\":{\"@id\":\"https:\/\/energiata.com\/cart\/#breadcrumb\"},\"inLanguage\":\"en-US\",\"potentialAction\":[{\"@type\":\"ReadAction\",\"target\":[\"https:\/\/energiata.com\/cart\/\"]}]},{\"@type\":\"ImageObject\",\"inLanguage\":\"en-US\",\"@id\":\"https:\/\/energiata.com\/cart\/#primaryimage\",\"url\":\"https:\/\/energiata.com\/wp-content\/uploads\/2021\/11\/Cosmoenergetica-Shop-Product-Image-300x264.jpg\",\"contentUrl\":\"https:\/\/energiata.com\/wp-content\/uploads\/2021\/11\/Cosmoenergetica-Shop-Product-Image-300x264.jpg\"},{\"@type\":\"BreadcrumbList\",\"@id\":\"https:\/\/energiata.com\/cart\/#breadcrumb\",\"itemListElement\":[{\"@type\":\"ListItem\",\"position\":1,\"name\":\"Acas\u0103\",\"item\":\"https:\/\/energiata.com\/\"},{\"@type\":\"ListItem\",\"position\":2,\"name\":\"Cart\"}]},{\"@type\":\"WebSite\",\"@id\":\"https:\/\/energiata.com\/#website\",\"url\":\"https:\/\/energiata.com\/\",\"name\":\"EnergiaTa\",\"description\":\"Fluxuri energo-informa\u021bionale\",\"publisher\":{\"@id\":\"https:\/\/energiata.com\/#organization\"},\"potentialAction\":[{\"@type\":\"SearchAction\",\"target\":{\"@type\":\"EntryPoint\",\"urlTemplate\":\"https:\/\/energiata.com\/?s={search_term_string}\"},\"query-input\":{\"@type\":\"PropertyValueSpecification\",\"valueRequired\":true,\"valueName\":\"search_term_string\"}}],\"inLanguage\":\"en-US\"},{\"@type\":\"Organization\",\"@id\":\"https:\/\/energiata.com\/#organization\",\"name\":\"Energia Ta Development\",\"url\":\"https:\/\/energiata.com\/\",\"logo\":{\"@type\":\"ImageObject\",\"inLanguage\":\"en-US\",\"@id\":\"https:\/\/energiata.com\/#\/schema\/logo\/image\/\",\"url\":\"https:\/\/energiata.com\/wp-content\/uploads\/2021\/11\/Logo-EnergiaTa-600x395px.png\",\"contentUrl\":\"https:\/\/energiata.com\/wp-content\/uploads\/2021\/11\/Logo-EnergiaTa-600x395px.png\",\"width\":600,\"height\":396,\"caption\":\"Energia Ta Development\"},\"image\":{\"@id\":\"https:\/\/energiata.com\/#\/schema\/logo\/image\/\"},\"sameAs\":[\"https:\/\/www.facebook.com\/energiata\"]}]}<\/script>\n<!-- \/ Yoast SEO Premium plugin. -->","yoast_head_json":{"title":"Cart - EnergiaTa","description":"Tehnologii Energo-Informationale \u2022 Energia Banilor \u2022 Sanatatea Ta Energetica \u2022 Cosmoenergetica \u2022 Zoroastrism","robots":{"index":"index","follow":"follow","max-snippet":"max-snippet:-1","max-image-preview":"max-image-preview:large","max-video-preview":"max-video-preview:-1"},"canonical":"https:\/\/energiata.com\/cart\/","og_locale":"en_US","og_type":"article","og_title":"Cart","og_description":"Tehnologii Energo-Informationale \u2022 Energia Banilor \u2022 Sanatatea Ta Energetica \u2022 Cosmoenergetica \u2022 Zoroastrism","og_url":"https:\/\/energiata.com\/cart\/","og_site_name":"EnergiaTa","article_publisher":"https:\/\/www.facebook.com\/energiata","article_modified_time":"2022-06-06T22:09:21+00:00","og_image":[{"url":"https:\/\/energiata.com\/wp-content\/uploads\/2021\/11\/Cosmoenergetica-Shop-Product-Image-300x264.jpg","type":"","width":"","height":""}],"twitter_card":"summary_large_image","twitter_misc":{"Est. reading time":"4 minutes"},"schema":{"@context":"https:\/\/schema.org","@graph":[{"@type":"WebPage","@id":"https:\/\/energiata.com\/cart\/","url":"https:\/\/energiata.com\/cart\/","name":"Cart - EnergiaTa","isPartOf":{"@id":"https:\/\/energiata.com\/#website"},"primaryImageOfPage":{"@id":"https:\/\/energiata.com\/cart\/#primaryimage"},"image":{"@id":"https:\/\/energiata.com\/cart\/#primaryimage"},"thumbnailUrl":"https:\/\/energiata.com\/wp-content\/uploads\/2021\/11\/Cosmoenergetica-Shop-Product-Image-300x264.jpg","datePublished":"2021-10-07T18:26:06+00:00","dateModified":"2022-06-06T22:09:21+00:00","description":"Tehnologii Energo-Informationale \u2022 Energia Banilor \u2022 Sanatatea Ta Energetica \u2022 Cosmoenergetica \u2022 Zoroastrism","breadcrumb":{"@id":"https:\/\/energiata.com\/cart\/#breadcrumb"},"inLanguage":"en-US","potentialAction":[{"@type":"ReadAction","target":["https:\/\/energiata.com\/cart\/"]}]},{"@type":"ImageObject","inLanguage":"en-US","@id":"https:\/\/energiata.com\/cart\/#primaryimage","url":"https:\/\/energiata.com\/wp-content\/uploads\/2021\/11\/Cosmoenergetica-Shop-Product-Image-300x264.jpg","contentUrl":"https:\/\/energiata.com\/wp-content\/uploads\/2021\/11\/Cosmoenergetica-Shop-Product-Image-300x264.jpg"},{"@type":"BreadcrumbList","@id":"https:\/\/energiata.com\/cart\/#breadcrumb","itemListElement":[{"@type":"ListItem","position":1,"name":"Acas\u0103","item":"https:\/\/energiata.com\/"},{"@type":"ListItem","position":2,"name":"Cart"}]},{"@type":"WebSite","@id":"https:\/\/energiata.com\/#website","url":"https:\/\/energiata.com\/","name":"EnergiaTa","description":"Fluxuri energo-informa\u021bionale","publisher":{"@id":"https:\/\/energiata.com\/#organization"},"potentialAction":[{"@type":"SearchAction","target":{"@type":"EntryPoint","urlTemplate":"https:\/\/energiata.com\/?s={search_term_string}"},"query-input":{"@type":"PropertyValueSpecification","valueRequired":true,"valueName":"search_term_string"}}],"inLanguage":"en-US"},{"@type":"Organization","@id":"https:\/\/energiata.com\/#organization","name":"Energia Ta Development","url":"https:\/\/energiata.com\/","logo":{"@type":"ImageObject","inLanguage":"en-US","@id":"https:\/\/energiata.com\/#\/schema\/logo\/image\/","url":"https:\/\/energiata.com\/wp-content\/uploads\/2021\/11\/Logo-EnergiaTa-600x395px.png","contentUrl":"https:\/\/energiata.com\/wp-content\/uploads\/2021\/11\/Logo-EnergiaTa-600x395px.png","width":600,"height":396,"caption":"Energia Ta Development"},"image":{"@id":"https:\/\/energiata.com\/#\/schema\/logo\/image\/"},"sameAs":["https:\/\/www.facebook.com\/energiata"]}]}},"ticketed":false,"_links":{"self":[{"href":"https:\/\/energiata.com\/en\/wp-json\/wp\/v2\/pages\/981","targetHints":{"allow":["GET"]}}],"collection":[{"href":"https:\/\/energiata.com\/en\/wp-json\/wp\/v2\/pages"}],"about":[{"href":"https:\/\/energiata.com\/en\/wp-json\/wp\/v2\/types\/page"}],"author":[{"embeddable":true,"href":"https:\/\/energiata.com\/en\/wp-json\/wp\/v2\/users\/2"}],"replies":[{"embeddable":true,"href":"https:\/\/energiata.com\/en\/wp-json\/wp\/v2\/comments?post=981"}],"version-history":[{"count":0,"href":"https:\/\/energiata.com\/en\/wp-json\/wp\/v2\/pages\/981\/revisions"}],"wp:attachment":[{"href":"https:\/\/energiata.com\/en\/wp-json\/wp\/v2\/media?parent=981"}],"curies":[{"name":"wp","href":"https:\/\/api.w.org\/{rel}","templated":true}]}}